{"id":6586,"date":"2023-07-24T20:39:54","date_gmt":"2023-07-24T20:39:54","guid":{"rendered":"https:\/\/testdealcoholydrogas.cl\/?post_type=product&#038;p=6586"},"modified":"2026-03-23T10:39:08","modified_gmt":"2026-03-23T14:39:08","slug":"oral-gp-cup","status":"publish","type":"product","link":"https:\/\/testdealcoholydrogas.cl\/en\/product\/oral-gp-cup\/","title":{"rendered":"Test de Drogas Oral GP &#8211; Cup"},"content":{"rendered":"<p>El Oral GP \u2013 CUP es un innovador test de drogas en saliva dise\u00f1ado para ofrecer m\u00e1xima precisi\u00f3n, rapidez y facilidad de uso. Integrado con la app HealSnap, proporciona resultados objetivos y confiables en tiempo real.<\/p>\n<div style=\"width: 100%; max-width: 600px; margin: 1em auto;\"><iframe style=\"width: 100%; aspect-ratio: 9 \/ 16;\" title=\"YouTube Short\" src=\"https:\/\/www.youtube.com\/embed\/0Tue46MeUA4?loop=1&amp;playlist=0Tue46MeUA4\" frameborder=\"0\" allowfullscreen=\"allowfullscreen\"><br \/>\n<\/iframe><\/div>","protected":false},"excerpt":{"rendered":"<p>El Oral GP \u2013 CUP es un innovador test de drogas en saliva dise\u00f1ado para ofrecer m\u00e1xima precisi\u00f3n, rapidez y facilidad de uso. Integrado con la app HealSnap, proporciona resultados objetivos y confiables en tiempo real.<\/p>","protected":false},"featured_media":7317,"template":"","meta":{"site-sidebar-layout":"default","site-content-layout":"default","ast-site-content-layout":"default","site-content-style":"default","site-sidebar-style":"default","ast-global-header-display":"","ast-banner-title-visibility":"","ast-main-header-display":"","ast-hfb-above-header-display":"","ast-hfb-below-header-display":"","ast-hfb-mobile-header-display":"","site-post-title":"","ast-breadcrumbs-content":"","ast-featured-img":"","footer-sml-layout":"","theme-transparent-header-meta":"default","adv-header-id-meta":"","stick-header-meta":"","header-above-stick-meta":"","header-main-stick-meta":"","header-below-stick-meta":"","astra-migrate-meta-layouts":"set","ast-page-background-enabled":"default","ast-page-background-meta":{"desktop":{"background-color":"var(--ast-global-color-4)","background-image":"","background-repeat":"repeat","background-position":"center center","background-size":"auto","background-attachment":"scroll","background-type":"","background-media":"","overlay-type":"","overlay-color":"","overlay-opacity":"","overlay-gradient":""},"tablet":{"background-color":"","background-image":"","background-repeat":"repeat","background-position":"center center","background-size":"auto","background-attachment":"scroll","background-type":"","background-media":"","overlay-type":"","overlay-color":"","overlay-opacity":"","overlay-gradient":""},"mobile":{"background-color":"","background-image":"","background-repeat":"repeat","background-position":"center center","background-size":"auto","background-attachment":"scroll","background-type":"","background-media":"","overlay-type":"","overlay-color":"","overlay-opacity":"","overlay-gradient":""}},"ast-content-background-meta":{"desktop":{"background-color":"var(--ast-global-color-5)","background-image":"","background-repeat":"repeat","background-position":"center center","background-size":"auto","background-attachment":"scroll","background-type":"","background-media":"","overlay-type":"","overlay-color":"","overlay-opacity":"","overlay-gradient":""},"tablet":{"background-color":"var(--ast-global-color-5)","background-image":"","background-repeat":"repeat","background-position":"center center","background-size":"auto","background-attachment":"scroll","background-type":"","background-media":"","overlay-type":"","overlay-color":"","overlay-opacity":"","overlay-gradient":""},"mobile":{"background-color":"var(--ast-global-color-5)","background-image":"","background-repeat":"repeat","background-position":"center center","background-size":"auto","background-attachment":"scroll","background-type":"","background-media":"","overlay-type":"","overlay-color":"","overlay-opacity":"","overlay-gradient":""}},"_joinchat":[]},"product_brand":[],"product_cat":[90,91],"product_tag":[],"class_list":{"0":"post-6586","1":"product","2":"type-product","3":"status-publish","4":"has-post-thumbnail","6":"product_cat-test-de-drogas","7":"product_cat-test-drogas-uso-laboral","8":"desktop-align-left","9":"tablet-align-left","10":"mobile-align-center","12":"first","13":"instock","14":"shipping-taxable","15":"product-type-simple"},"_links":{"self":[{"href":"https:\/\/testdealcoholydrogas.cl\/en\/wp-json\/wp\/v2\/product\/6586","targetHints":{"allow":["GET"]}}],"collection":[{"href":"https:\/\/testdealcoholydrogas.cl\/en\/wp-json\/wp\/v2\/product"}],"about":[{"href":"https:\/\/testdealcoholydrogas.cl\/en\/wp-json\/wp\/v2\/types\/product"}],"wp:featuredmedia":[{"embeddable":true,"href":"https:\/\/testdealcoholydrogas.cl\/en\/wp-json\/wp\/v2\/media\/7317"}],"wp:attachment":[{"href":"https:\/\/testdealcoholydrogas.cl\/en\/wp-json\/wp\/v2\/media?parent=6586"}],"wp:term":[{"taxonomy":"product_brand","embeddable":true,"href":"https:\/\/testdealcoholydrogas.cl\/en\/wp-json\/wp\/v2\/product_brand?post=6586"},{"taxonomy":"product_cat","embeddable":true,"href":"https:\/\/testdealcoholydrogas.cl\/en\/wp-json\/wp\/v2\/product_cat?post=6586"},{"taxonomy":"product_tag","embeddable":true,"href":"https:\/\/testdealcoholydrogas.cl\/en\/wp-json\/wp\/v2\/product_tag?post=6586"}],"curies":[{"name":"wp","href":"https:\/\/api.w.org\/{rel}","templated":true}]}}